{"id":3,"date":"2023-12-15T17:56:34","date_gmt":"2023-12-15T17:56:34","guid":{"rendered":"https:\/\/www.dostavasadja.si\/?page_id=3"},"modified":"2024-02-26T13:53:21","modified_gmt":"2024-02-26T12:53:21","slug":"privacy_policy","status":"publish","type":"page","link":"https:\/\/www.dostavasadja.si\/en\/privacy_policy\/","title":{"rendered":"Pogoji poslovanja"},"content":{"rendered":"<hr class=\"wp-block-separator has-alpha-channel-opacity\"\/><p><\/p><p><strong>Splo\u0161ni pogoji uporabe za spletno stran dostavasadja.si:<\/strong><\/p><ol class=\"wp-block-list\"><li><strong>Uvod:<\/strong><br>Splo\u0161ni pogoji poslovanja spletne trgovine dostavasadja.si, ki jo upravlja FRUTKO, RAMIZ KRYEZIU S.P., Ulica Gorenjskega odreda 8, Kranj, 4000 Kranj, mati\u010dna \u0161t. 6753558000, dav\u010dna \u0161t. SI83471910. (v nadaljevanju &#8220;ponudnik&#8221;), so oblikovani v skladu z veljavnimi zakonodajnimi dolo\u010dbami, mednarodnimi kodeksi za e-poslovanje in zavezanostjo k za\u0161\u010diti potro\u0161nikov.<\/li>\n\n<li><strong>Informacijski sistem:<\/strong><br>Dostavasadja.si predstavlja informacijski sistem, namenjen predstavitvi in prodaji razli\u010dnih izdelkov. Vsa uporaba sistema s strani obiskovalcev ali kupcev se izvaja v skladu s temi splo\u0161nimi pogoji.<\/li>\n\n<li><strong>Pravice in obveznosti:<\/strong><br>Splo\u0161ni pogoji zajemajo vse vidike poslovanja spletne trgovine, vklju\u010dno z delovanjem same trgovine, pravicami uporabnikov ter vzpostavitvijo poslovnega odnosa med ponudnikom in kupcem.<\/li>\n\n<li><strong>Avtorske pravice:<\/strong><br>Vsebine, dostopne uporabnikom na spletni strani, so varovane kot avtorska dela po veljavnih zakonih o avtorskih pravicah. Brez izrecnega pisnega dovoljenja FRUTKO, RAMIZ KRYEZIU S.P. uporabnikom ni dovoljeno reproduciranje, distribuiranje, prena\u0161anje ali javna priob\u010ditev avtorskih del, ki so na voljo na spletni strani dostavasadja.si.<\/li>\n\n<li><strong>Varovanje osebnih podatkov:<\/strong><br>Ponudnik se zavezuje k trajnemu varovanju vseh osebnih podatkov kupca, ki so vpisani ob nakupu. Te podatke bo uporabil izklju\u010dno za izpolnitev naro\u010dila, po\u0161iljanje e-novic, ponudb, ra\u010dunov in druge potrebne komunikacije. Podatki se ne bodo posredovali nepoobla\u0161\u010denim tretjim osebam.<\/li>\n\n<li><strong>Cene izdelkov:<\/strong><br>Vse cene izdelkov, prikazane na spletni strani, vklju\u010dujejo DDV po stopnji 9,5%. Ponudnik si pridr\u017euje pravico do dnevnih sprememb cen, razen \u010de ni druga\u010de navedeno. Cene ne vklju\u010dujejo stro\u0161kov dostave, ki se dolo\u010dijo ob potrditvi naro\u010dila.<\/li>\n\n<li><strong>Promocijske kode:<\/strong><br>Promocijske kode so \u010dasovno omejene in veljajo do izteka akcije.<\/li>\n\n<li><strong>Opis izdelkov:<\/strong><br>Ponudba izdelkov se zaradi narave poslovanja preko spleta a\u017eurira in spreminja pogosto ter hitro. Fotografije izdelkov so simboli\u010dne, barvni odtenki se lahko razlikujejo od dejanskega izdelka.<\/li>\n\n<li><strong>Postopek nakupa:<\/strong><br>Podjetja nas kontaktirajte za personalizirano ponudbo preko elektronske po\u0161te <a href=\"mailto:info@dostavasadja.si\">info@dostavasadja.si<\/a> ali <a href=\"https:\/\/www.dostavasadja.si\/en\/podjetja\/\" target=\"_blank\" rel=\"noopener\" title=\"izpolnite vpra\u0161alnik\">izpolnite vpra\u0161alnik<\/a>.<\/li>\n\n<li><strong>Na\u010din pla\u010dila:<\/strong><br>Podjetje pla\u010da predra\u010dun enkrat mese\u010dno oziroma po dogovoru. Naro\u010dila se dostavljajo z lastno dostavo ali zunanjimi dostavnimi partnerji.<\/li>\n\n<li><strong>Stro\u0161ki dostave:<\/strong><br>Stro\u0161ki dostave so personalizirani in vam jih, v kolikor se zara\u010dunajo posredujemo ob ponudbi.<\/li>\n\n<li><strong>\u010cas dostave:<\/strong><br>Izdelki se dostavljajo vsak delovni dan. Kupca obvestimo o pribli\u017eni uri dostave na dan, ki ga je izbral.<\/li>\n\n<li><strong>Pravica do odstopa od nakupa:<\/strong><br>Kupec ima pravico, da v 14 dneh od prejema blaga sporo\u010di odstop od pogodbe brez navedbe razloga. V primeru odstopa mora vrniti blago nepo\u0161kodovano. Stro\u0161ki vra\u010dila izdelkov bremenijo kupca.<\/li>\n\n<li><strong>Stvarna napaka:<\/strong><br>Kupec lahko uveljavlja pravice iz naslova stvarne napake v dveh mesecih od odkritja napake. Prodajalec odgovarja za stvarne napake v roku dveh let od izro\u010ditve blaga.<\/li>\n\n<li><strong>Prito\u017ebe in spori:<\/strong><br>V primeru reklamacije se kupec lahko obrne na <a href=\"mailto:info@dostavasadja.si\">info@dostavasadja.si<\/a> ali pokli\u010de na ustrezno \u0161tevilko. Izvensodno re\u0161evanje potro\u0161ni\u0161kih sporov ni priznano. Dostavasadja.si, ki kot ponudnik blaga in storitev omogo\u010da spletno trgovino na obmo\u010dju RS, na svoji spletni strani objavlja elektronsko povezavo na platformo za spletno re\u0161evanje potro\u0161ni\u0161kih sporov (SRPS) <a href=\"https:\/\/ec.europa.eu\/consumers\/odr\/main\/index.cfm?event=main.home.chooseLanguage\">https:\/\/ec.europa.eu\/consumers\/odr\/main\/index.cfm?event=main.home.chooseLanguage<\/a>. <\/li>\n\n<li><strong>Komunikacija:<\/strong><br>S kupcem bomo v stiku prek sredstev komunikacij na daljavo, razen \u010de kupec izrecno nasprotuje.<\/li>\n\n<li><strong>Prijava na e-novice:<\/strong><br>S prijavo na e-novice kupec sogla\u0161a s prejemanjem sporo\u010dil, povezanih s poslovanjem ponudnika. Soglasje je mogo\u010de kadarkoli preklicati.<\/li><\/ol><p><\/p><p><strong>Stvarna napaka<\/strong><\/p><p>Potro\u0161nik lahko uveljavlja svoje pravice iz naslova stvarne napake, \u010de o napaki obvesti prodajalca v roku dveh mesecev od dneva, ko je bila napaka odkrita. Potro\u0161nik mora v obvestilu o napaki natan\u010dno opisati napako in prodajalcu omogo\u010diti, da stvar pregleda.<\/p><p>Prodajalec ne odgovarja za stvarne napake na blagu, ki se poka\u017eejo potem, ko mineta dve leti, odkar je bila stvar izro\u010dena. \u0160teje se, da je napaka na stvari obstajala \u017ee v \u010dasu izro\u010ditve, \u010de se pojavi v roku \u0161est mesecev od izro\u010ditve.<\/p><p>Potro\u0161nik, ki je pravilno obvestil prodajalca o napaki, ima pravico od prodajalca zahtevati, da:<\/p><pre class=\"wp-block-code\"><code>- odpravi napako na blagu ali vrne del pla\u010danega zneska v sorazmerju z napako ali\n- blago z napako zamenja z novim brezhibnim ali\n- vrne pla\u010dani znesek.<\/code><\/pre><p>Kdaj je napaka stvarna? Kadar:<\/p><pre class=\"wp-block-code\"><code>- artikel nima lastnosti, ki so potrebne za njegovo normalno rabo ali za promet\n- artikel nima lastnosti, ki so potrebne za posebno rabo, za katero jo kupec kupuje, ki pa je bila prodajalcu znana oziroma bi mu morala biti znana\n- artikel nima lastnosti in odlik, ki so bile izrecno ali mol\u010de dogovorjene oziroma predpisane\n- je prodajalec izro\u010dil artikel, ki se ne ujema z vzorcem ali modelom, razen \u010de je bil vzorec ali model pokazan le zaradi obvestila.<\/code><\/pre><p>Kranj, dne 15.01.2024<\/p><p><\/p><hr class=\"wp-block-separator has-alpha-channel-opacity\"\/><p><\/p>","protected":false},"excerpt":{"rendered":"<p>Splo\u0161ni pogoji uporabe za spletno stran dostavasadja.si: Stvarna napaka Potro\u0161nik lahko uveljavlja svoje pravice iz naslova stvarne napake, \u010de o napaki obvesti prodajalca v roku dveh mesecev od dneva, ko je bila napaka odkrita. Potro\u0161nik mora v obvestilu o napaki natan\u010dno opisati napako in prodajalcu omogo\u010diti, da stvar pregleda. Prodajalec ne odgovarja za stvarne napake &hellip; <br \/><a href=\"https:\/\/www.dostavasadja.si\/en\/privacy_policy\/\" class=\"more-link\">Continue reading <span class=\"screen-reader-text\">Pogoji poslovanja<\/span><\/a><\/p>","protected":false},"author":1,"featured_media":0,"parent":0,"menu_order":0,"comment_status":"closed","ping_status":"closed","template":"","meta":{"footnotes":""},"class_list":["post-3","page","type-page","status-publish","hentry"],"aioseo_notices":[],"_links":{"self":[{"href":"https:\/\/www.dostavasadja.si\/en\/wp-json\/wp\/v2\/pages\/3","targetHints":{"allow":["GET"]}}],"collection":[{"href":"https:\/\/www.dostavasadja.si\/en\/wp-json\/wp\/v2\/pages"}],"about":[{"href":"https:\/\/www.dostavasadja.si\/en\/wp-json\/wp\/v2\/types\/page"}],"author":[{"embeddable":true,"href":"https:\/\/www.dostavasadja.si\/en\/wp-json\/wp\/v2\/users\/1"}],"replies":[{"embeddable":true,"href":"https:\/\/www.dostavasadja.si\/en\/wp-json\/wp\/v2\/comments?post=3"}],"version-history":[{"count":3,"href":"https:\/\/www.dostavasadja.si\/en\/wp-json\/wp\/v2\/pages\/3\/revisions"}],"predecessor-version":[{"id":2510,"href":"https:\/\/www.dostavasadja.si\/en\/wp-json\/wp\/v2\/pages\/3\/revisions\/2510"}],"wp:attachment":[{"href":"https:\/\/www.dostavasadja.si\/en\/wp-json\/wp\/v2\/media?parent=3"}],"curies":[{"name":"wp","href":"https:\/\/api.w.org\/{rel}","templated":true}]}}