{"id":2462,"date":"2024-01-22T02:24:05","date_gmt":"2024-01-22T01:24:05","guid":{"rendered":"https:\/\/www.dostavasadja.si\/?page_id=2462"},"modified":"2024-02-27T07:58:18","modified_gmt":"2024-02-27T06:58:18","slug":"podjetja","status":"publish","type":"page","link":"https:\/\/www.dostavasadja.si\/en\/podjetja\/","title":{"rendered":"Za podjetja"},"content":{"rendered":"<div data-elementor-type=\"wp-page\" data-elementor-id=\"2462\" class=\"elementor elementor-2462\">\n\t\t\t\t<div class=\"elementor-element elementor-element-28e86647 e-flex e-con-boxed e-con e-parent\" data-id=\"28e86647\" data-element_type=\"container\" data-settings=\"{&quot;content_width&quot;:&quot;boxed&quot;}\" data-core-v316-plus=\"true\">\n\t\t\t\t\t<div class=\"e-con-inner\">\n\t\t\t\t<div class=\"elementor-element elementor-element-454c4dd1 elementor-widget elementor-widget-ogami_heading\" data-id=\"454c4dd1\" data-element_type=\"widget\" data-widget_type=\"ogami_heading.default\">\n\t\t\t\t<div class=\"elementor-widget-container\">\n\t\t\t<h2 class=\"ogami-heading-title ogami-size-default\">Dostava sadja v podjetje<\/h2>\t\t<\/div>\n\t\t\t\t<\/div>\n\t\t\t\t\t<\/div>\n\t\t\t\t<\/div>\n\t\t\t\t<section class=\"elementor-section elementor-top-section elementor-element elementor-element-349df4a6 elementor-section-stretched elementor-section-boxed elementor-section-height-default elementor-section-height-default\" data-id=\"349df4a6\" data-element_type=\"section\" data-settings=\"{&quot;stretch_section&quot;:&quot;section-stretched&quot;}\">\n\t\t\t\t\t\t<div class=\"elementor-container elementor-column-gap-default\">\n\t\t\t\t\t<div class=\"elementor-column elementor-col-100 elementor-top-column elementor-element elementor-element-715ad0f9\" data-id=\"715ad0f9\" data-element_type=\"column\">\n\t\t\t<div class=\"elementor-widget-wrap elementor-element-populated\">\n\t\t\t\t\t\t<div class=\"elementor-element elementor-element-6cc48203 elementor-widget elementor-widget-ogami_features_box\" data-id=\"6cc48203\" data-element_type=\"widget\" data-widget_type=\"ogami_features_box.default\">\n\t\t\t\t<div class=\"elementor-widget-container\">\n\t\t\t            <div class=\"widget-features-box  center style4\">\n                                    <div class=\"slick-carousel\" data-items=\"4\" data-smallmedium=\"2\" data-extrasmall=\"1\" data-pagination=\"false\" data-nav=\"true\">\n                                                    <div class=\"item\">\n                                <div class=\"item-inner\">\n\n                                    <div class=\"features-box-image img\"><img decoding=\"async\" width=\"34\" height=\"32\" src=\"https:\/\/www.dostavasadja.si\/wp-content\/uploads\/2019\/02\/service4.jpg\" class=\"attachment-full size-full wp-image-964\" alt=\"\" \/><\/div><div class=\"features-box-content\"><h3 class=\"title\">KONTAKTIRAJTE NAS<\/h3><div class=\"description\">Dostavo v Lj in okolici.<\/div><\/div>\n                                <\/div>\n                            <\/div>\n                                                    <div class=\"item\">\n                                <div class=\"item-inner\">\n\n                                    <div class=\"features-box-image img\"><img decoding=\"async\" width=\"32\" height=\"32\" src=\"https:\/\/www.dostavasadja.si\/wp-content\/uploads\/2019\/02\/service2.jpg\" class=\"attachment-full size-full wp-image-962\" alt=\"\" \/><\/div><div class=\"features-box-content\"><h3 class=\"title\">ODGOVOR V 1. DNEVU<\/h3><div class=\"description\">Personalizirana ponudba.<\/div><\/div>\n                                <\/div>\n                            <\/div>\n                                                    <div class=\"item\">\n                                <div class=\"item-inner\">\n\n                                    <div class=\"features-box-image img\"><img decoding=\"async\" width=\"43\" height=\"32\" src=\"https:\/\/www.dostavasadja.si\/wp-content\/uploads\/2019\/02\/service1.jpg\" class=\"attachment-full size-full wp-image-961\" alt=\"\" \/><\/div><div class=\"features-box-content\"><h3 class=\"title\">DOSTAVLJAMO TEDENSKO<\/h3><div class=\"description\">Dolo\u010dite \u0161tevilo dostav.<\/div><\/div>\n                                <\/div>\n                            <\/div>\n                                                    <div class=\"item\">\n                                <div class=\"item-inner\">\n\n                                    <div class=\"features-box-image img\"><img loading=\"lazy\" decoding=\"async\" width=\"44\" height=\"32\" src=\"https:\/\/www.dostavasadja.si\/wp-content\/uploads\/2019\/02\/service3.jpg\" class=\"attachment-full size-full wp-image-963\" alt=\"\" \/><\/div><div class=\"features-box-content\"><h3 class=\"title\">PLA\u010cAJTE 1x MESE\u010cNO<\/h3><div class=\"description\">Manj birokracije ve\u010d zadovoljstva.<\/div><\/div>\n                                <\/div>\n                            <\/div>\n                                            <\/div>\n                            <\/div>\n            \t\t<\/div>\n\t\t\t\t<\/div>\n\t\t\t\t<div class=\"elementor-element elementor-element-70bf07fa elementor-widget elementor-widget-spacer\" data-id=\"70bf07fa\" data-element_type=\"widget\" data-widget_type=\"spacer.default\">\n\t\t\t\t<div class=\"elementor-widget-container\">\n\t\t\t<style>\/*! elementor - v3.19.0 - 26-02-2024 *\/\n.elementor-column .elementor-spacer-inner{height:var(--spacer-size)}.e-con{--container-widget-width:100%}.e-con-inner>.elementor-widget-spacer,.e-con>.elementor-widget-spacer{width:var(--container-widget-width,var(--spacer-size));--align-self:var(--container-widget-align-self,initial);--flex-shrink:0}.e-con-inner>.elementor-widget-spacer>.elementor-widget-container,.e-con>.elementor-widget-spacer>.elementor-widget-container{height:100%;width:100%}.e-con-inner>.elementor-widget-spacer>.elementor-widget-container>.elementor-spacer,.e-con>.elementor-widget-spacer>.elementor-widget-container>.elementor-spacer{height:100%}.e-con-inner>.elementor-widget-spacer>.elementor-widget-container>.elementor-spacer>.elementor-spacer-inner,.e-con>.elementor-widget-spacer>.elementor-widget-container>.elementor-spacer>.elementor-spacer-inner{height:var(--container-widget-height,var(--spacer-size))}.e-con-inner>.elementor-widget-spacer.elementor-widget-empty,.e-con>.elementor-widget-spacer.elementor-widget-empty{position:relative;min-height:22px;min-width:22px}.e-con-inner>.elementor-widget-spacer.elementor-widget-empty .elementor-widget-empty-icon,.e-con>.elementor-widget-spacer.elementor-widget-empty .elementor-widget-empty-icon{position:absolute;top:0;bottom:0;left:0;right:0;margin:auto;padding:0;width:22px;height:22px}<\/style>\t\t<div class=\"elementor-spacer\">\n\t\t\t<div class=\"elementor-spacer-inner\"><\/div>\n\t\t<\/div>\n\t\t\t\t<\/div>\n\t\t\t\t<\/div>\n\t\t\t\t<div class=\"elementor-element elementor-element-713cc1d8 elementor-hidden-tablet elementor-hidden-phone elementor-widget elementor-widget-spacer\" data-id=\"713cc1d8\" data-element_type=\"widget\" data-widget_type=\"spacer.default\">\n\t\t\t\t<div class=\"elementor-widget-container\">\n\t\t\t\t\t<div class=\"elementor-spacer\">\n\t\t\t<div class=\"elementor-spacer-inner\"><\/div>\n\t\t<\/div>\n\t\t\t\t<\/div>\n\t\t\t\t<\/div>\n\t\t\t\t\t<\/div>\n\t\t<\/div>\n\t\t\t\t\t<\/div>\n\t\t<\/section>\n\t\t\t\t<section class=\"elementor-section elementor-top-section elementor-element elementor-element-4746f86e elementor-section-stretched elementor-section-boxed elementor-section-height-default elementor-section-height-default\" data-id=\"4746f86e\" data-element_type=\"section\" data-settings=\"{&quot;stretch_section&quot;:&quot;section-stretched&quot;,&quot;background_background&quot;:&quot;classic&quot;}\">\n\t\t\t\t\t\t<div class=\"elementor-container elementor-column-gap-default\">\n\t\t\t\t\t<div class=\"elementor-column elementor-col-50 elementor-top-column elementor-element elementor-element-724186a\" data-id=\"724186a\" data-element_type=\"column\">\n\t\t\t<div class=\"elementor-widget-wrap elementor-element-populated\">\n\t\t\t\t\t\t<div class=\"elementor-element elementor-element-1c74fd98 elementor-widget elementor-widget-image\" data-id=\"1c74fd98\" data-element_type=\"widget\" data-widget_type=\"image.default\">\n\t\t\t\t<div class=\"elementor-widget-container\">\n\t\t\t<style>\/*! elementor - v3.19.0 - 26-02-2024 *\/\n.elementor-widget-image{text-align:center}.elementor-widget-image a{display:inline-block}.elementor-widget-image a img[src$=\".svg\"]{width:48px}.elementor-widget-image img{vertical-align:middle;display:inline-block}<\/style>\t\t\t\t\t\t\t\t\t\t<img loading=\"lazy\" decoding=\"async\" width=\"700\" height=\"467\" src=\"https:\/\/www.dostavasadja.si\/wp-content\/uploads\/2024\/01\/Dostava_sadja-dostava.webp\" class=\"attachment-full size-full wp-image-2329\" alt=\"Dostava sadja\" srcset=\"https:\/\/www.dostavasadja.si\/wp-content\/uploads\/2024\/01\/Dostava_sadja-dostava.webp 700w, https:\/\/www.dostavasadja.si\/wp-content\/uploads\/2024\/01\/Dostava_sadja-dostava-300x200.webp 300w, https:\/\/www.dostavasadja.si\/wp-content\/uploads\/2024\/01\/Dostava_sadja-dostava-18x12.webp 18w, https:\/\/www.dostavasadja.si\/wp-content\/uploads\/2024\/01\/Dostava_sadja-dostava-600x400.webp 600w\" sizes=\"(max-width: 700px) 100vw, 700px\" \/>\t\t\t\t\t\t\t\t\t\t\t\t\t<\/div>\n\t\t\t\t<\/div>\n\t\t\t\t\t<\/div>\n\t\t<\/div>\n\t\t\t\t<div class=\"elementor-column elementor-col-50 elementor-top-column elementor-element elementor-element-7a3da767\" data-id=\"7a3da767\" data-element_type=\"column\">\n\t\t\t<div class=\"elementor-widget-wrap elementor-element-populated\">\n\t\t\t\t\t\t<div class=\"elementor-element elementor-element-622ccd96 elementor-widget elementor-widget-heading\" data-id=\"622ccd96\" data-element_type=\"widget\" data-widget_type=\"heading.default\">\n\t\t\t\t<div class=\"elementor-widget-container\">\n\t\t\t<style>\/*! elementor - v3.19.0 - 26-02-2024 *\/\n.elementor-heading-title{padding:0;margin:0;line-height:1}.elementor-widget-heading .elementor-heading-title[class*=elementor-size-]>a{color:inherit;font-size:inherit;line-height:inherit}.elementor-widget-heading .elementor-heading-title.elementor-size-small{font-size:15px}.elementor-widget-heading .elementor-heading-title.elementor-size-medium{font-size:19px}.elementor-widget-heading .elementor-heading-title.elementor-size-large{font-size:29px}.elementor-widget-heading .elementor-heading-title.elementor-size-xl{font-size:39px}.elementor-widget-heading .elementor-heading-title.elementor-size-xxl{font-size:59px}<\/style><h2 class=\"elementor-heading-title elementor-size-default\">Kako do premium vitaminov v va\u0161i pisarni?<\/h2>\t\t<\/div>\n\t\t\t\t<\/div>\n\t\t\t\t<div class=\"elementor-element elementor-element-8e8cf67 elementor-widget elementor-widget-wp-widget-text\" data-id=\"8e8cf67\" data-element_type=\"widget\" data-widget_type=\"wp-widget-text.default\">\n\t\t\t\t<div class=\"elementor-widget-container\">\n\t\t\t\t\t\t<div class=\"textwidget\"><p>Kontaktirajte nas preko <a href=\"https:\/\/www.dostavasadja.si\/en\/kontakt\/\"><strong>obrazca<\/strong><\/a> in v 1.dnevu vam po\u0161ljemo personalizirano ponudbo sve\u017eega in suhega sadja ter ore\u0161\u010dkov. Dostavimo vam lahko ve\u010dkrat tedensko ali le enkrat, v razli\u010dne poslovalnice ali oddelke &#8211; <strong>IZBIRA JE VA\u0160A.<\/strong> Za \u010dim manj birokiracije pla\u010date enkrat mese\u010dno po predra\u010dunu.<\/p>\n<\/div>\n\t\t\t\t<\/div>\n\t\t\t\t<\/div>\n\t\t\t\t<div class=\"elementor-element elementor-element-59d3cf80 elementor-widget elementor-widget-spacer\" data-id=\"59d3cf80\" data-element_type=\"widget\" data-widget_type=\"spacer.default\">\n\t\t\t\t<div class=\"elementor-widget-container\">\n\t\t\t\t\t<div class=\"elementor-spacer\">\n\t\t\t<div class=\"elementor-spacer-inner\"><\/div>\n\t\t<\/div>\n\t\t\t\t<\/div>\n\t\t\t\t<\/div>\n\t\t\t\t<div class=\"elementor-element elementor-element-14a8b96b elementor-widget elementor-widget-image\" data-id=\"14a8b96b\" data-element_type=\"widget\" data-widget_type=\"image.default\">\n\t\t\t\t<div class=\"elementor-widget-container\">\n\t\t\t\t\t\t\t\t\t\t\t\t\t<img loading=\"lazy\" decoding=\"async\" width=\"159\" height=\"135\" src=\"https:\/\/www.dostavasadja.si\/wp-content\/uploads\/2024\/01\/podpis.png\" class=\"attachment-full size-full wp-image-2330\" alt=\"\" srcset=\"https:\/\/www.dostavasadja.si\/wp-content\/uploads\/2024\/01\/podpis.png 159w, https:\/\/www.dostavasadja.si\/wp-content\/uploads\/2024\/01\/podpis-14x12.png 14w\" sizes=\"(max-width: 159px) 100vw, 159px\" \/>\t\t\t\t\t\t\t\t\t\t\t\t\t<\/div>\n\t\t\t\t<\/div>\n\t\t\t\t\t<\/div>\n\t\t<\/div>\n\t\t\t\t\t<\/div>\n\t\t<\/section>\n\t\t<div class=\"elementor-element elementor-element-0f3d6e4 e-flex e-con-boxed e-con e-parent\" data-id=\"0f3d6e4\" data-element_type=\"container\" data-settings=\"{&quot;content_width&quot;:&quot;boxed&quot;}\" data-core-v316-plus=\"true\">\n\t\t\t\t\t<div class=\"e-con-inner\">\n\t\t\t\t<div class=\"elementor-element elementor-element-8c9d12f elementor-widget elementor-widget-spacer\" data-id=\"8c9d12f\" data-element_type=\"widget\" data-widget_type=\"spacer.default\">\n\t\t\t\t<div class=\"elementor-widget-container\">\n\t\t\t\t\t<div class=\"elementor-spacer\">\n\t\t\t<div class=\"elementor-spacer-inner\"><\/div>\n\t\t<\/div>\n\t\t\t\t<\/div>\n\t\t\t\t<\/div>\n\t\t\t\t\t<\/div>\n\t\t\t\t<\/div>\n\t\t\t\t<\/div>","protected":false},"excerpt":{"rendered":"<p>Dostava sadja v podjetje KONTAKTIRAJTE NAS Dostavo v Lj in okolici. ODGOVOR V 1. DNEVU Personalizirana ponudba. DOSTAVLJAMO TEDENSKO Dolo\u010dite \u0161tevilo dostav. PLA\u010cAJTE 1x MESE\u010cNO Manj birokracije ve\u010d zadovoljstva. Kako do premium vitaminov v va\u0161i pisarni?<\/p>","protected":false},"author":1,"featured_media":0,"parent":0,"menu_order":0,"comment_status":"closed","ping_status":"closed","template":"elementor_theme","meta":{"footnotes":""},"class_list":["post-2462","page","type-page","status-publish","hentry"],"aioseo_notices":[],"_links":{"self":[{"href":"https:\/\/www.dostavasadja.si\/en\/wp-json\/wp\/v2\/pages\/2462","targetHints":{"allow":["GET"]}}],"collection":[{"href":"https:\/\/www.dostavasadja.si\/en\/wp-json\/wp\/v2\/pages"}],"about":[{"href":"https:\/\/www.dostavasadja.si\/en\/wp-json\/wp\/v2\/types\/page"}],"author":[{"embeddable":true,"href":"https:\/\/www.dostavasadja.si\/en\/wp-json\/wp\/v2\/users\/1"}],"replies":[{"embeddable":true,"href":"https:\/\/www.dostavasadja.si\/en\/wp-json\/wp\/v2\/comments?post=2462"}],"version-history":[{"count":13,"href":"https:\/\/www.dostavasadja.si\/en\/wp-json\/wp\/v2\/pages\/2462\/revisions"}],"predecessor-version":[{"id":2522,"href":"https:\/\/www.dostavasadja.si\/en\/wp-json\/wp\/v2\/pages\/2462\/revisions\/2522"}],"wp:attachment":[{"href":"https:\/\/www.dostavasadja.si\/en\/wp-json\/wp\/v2\/media?parent=2462"}],"curies":[{"name":"wp","href":"https:\/\/api.w.org\/{rel}","templated":true}]}}